{"id":2206,"date":"2019-02-01T11:00:34","date_gmt":"2019-02-01T11:00:34","guid":{"rendered":"https:\/\/b367.ca\/viridis\/services\/"},"modified":"2021-03-19T16:48:22","modified_gmt":"2021-03-19T20:48:22","slug":"services","status":"publish","type":"page","link":"https:\/\/viridis.bashfusion.com\/en\/services\/","title":{"rendered":"Services"},"content":{"rendered":"[et_pb_section fb_built=&#8221;1&#8243; _builder_version=&#8221;4.6.1&#8243; background_image=&#8221;https:\/\/viridis.bashfusion.com\/wp-content\/uploads\/2020\/09\/site-web-7-1B_new.jpg&#8221; background_position=&#8221;bottom_center&#8221; custom_margin=&#8221;-10px|||&#8221; da_disable_devices=&#8221;off|off|off&#8221; da_is_popup=&#8221;off&#8221; da_exit_intent=&#8221;off&#8221; da_has_close=&#8221;on&#8221; da_alt_close=&#8221;off&#8221; da_dark_close=&#8221;off&#8221; da_not_modal=&#8221;on&#8221; da_is_singular=&#8221;off&#8221; da_with_loader=&#8221;off&#8221; da_has_shadow=&#8221;on&#8221;][et_pb_row _builder_version=&#8221;3.25&#8243; width=&#8221;100%&#8221; max_width=&#8221;100%&#8221; use_custom_width=&#8221;on&#8221; width_unit=&#8221;off&#8221; custom_width_percent=&#8221;100%&#8221;][et_pb_column type=&#8221;4_4&#8243; _builder_version=&#8221;3.25&#8243; custom_padding=&#8221;|||&#8221; custom_padding__hover=&#8221;|||&#8221;]\n[et_pb_divider show_divider=&#8221;off&#8221; disabled_on=&#8221;on|on|&#8221; _builder_version=&#8221;3.19.7&#8243; height=&#8221;50px&#8221;][\/et_pb_divider][et_pb_post_title meta=&#8221;off&#8221; featured_image=&#8221;off&#8221; text_color=&#8221;light&#8221; _builder_version=&#8221;3.19.7&#8243; title_font_size=&#8221;40px&#8221; use_background_color_gradient=&#8221;on&#8221; background_color_gradient_start=&#8221;rgba(255,255,255,0)&#8221; background_color_gradient_end=&#8221;rgba(72,149,43,0.9)&#8221; background_color_gradient_direction=&#8221;222deg&#8221; background_color_gradient_start_position=&#8221;50%&#8221; background_color_gradient_end_position=&#8221;34%&#8221; custom_padding=&#8221;10px||10px|10%&#8221; custom_padding_tablet=&#8221;5px||5px|2%&#8221; custom_padding_phone=&#8221;&#8221; custom_padding_last_edited=&#8221;on|phone&#8221;][\/et_pb_post_title][et_pb_divider show_divider=&#8221;off&#8221; disabled_on=&#8221;on|on|&#8221; _builder_version=&#8221;3.19.7&#8243; height=&#8221;50px&#8221;][\/et_pb_divider]\n[\/et_pb_column][\/et_pb_row][\/et_pb_section][et_pb_section fb_built=&#8221;1&#8243; custom_padding_last_edited=&#8221;on|tablet&#8221; _builder_version=&#8221;4.6.5&#8243; custom_margin=&#8221;0px||0px|&#8221; custom_padding=&#8221;||50px||false|false&#8221; custom_padding_tablet=&#8221;0px||12.5px||false|false&#8221; custom_padding_phone=&#8221;&#8221; da_disable_devices=&#8221;off|off|off&#8221; global_module=&#8221;7372&#8243; saved_tabs=&#8221;all&#8221; collapsed=&#8221;on&#8221; da_is_popup=&#8221;off&#8221; da_exit_intent=&#8221;off&#8221; da_has_close=&#8221;on&#8221; da_alt_close=&#8221;off&#8221; da_dark_close=&#8221;off&#8221; da_not_modal=&#8221;on&#8221; da_is_singular=&#8221;off&#8221; da_with_loader=&#8221;off&#8221; da_has_shadow=&#8221;on&#8221;][et_pb_row _builder_version=&#8221;3.25&#8243; custom_padding=&#8221;||0px|&#8221;][et_pb_column type=&#8221;4_4&#8243; _builder_version=&#8221;3.25&#8243; custom_padding=&#8221;|||&#8221; custom_padding__hover=&#8221;|||&#8221;][et_pb_code admin_label=&#8221;breadcrumbs&#8221; _builder_version=&#8221;3.19.7&#8243; text_orientation=&#8221;left&#8221;]<pee><span><span><a href=\"https:\/\/viridis.bashfusion.com\/en\/\">Home<\/a><\/span><\/span><\/pee>[\/et_pb_code][\/et_pb_column][\/et_pb_row][\/et_pb_section][et_pb_section fb_built=&#8221;1&#8243; custom_padding_last_edited=&#8221;on|tablet&#8221; _builder_version=&#8221;4.6.5&#8243; custom_margin=&#8221;0px||50px||false|false&#8221; custom_padding_tablet=&#8221;12.5px||||false|false&#8221; custom_padding_phone=&#8221;&#8221; da_disable_devices=&#8221;off|off|off&#8221; da_is_popup=&#8221;off&#8221; da_exit_intent=&#8221;off&#8221; da_has_close=&#8221;on&#8221; da_alt_close=&#8221;off&#8221; da_dark_close=&#8221;off&#8221; da_not_modal=&#8221;on&#8221; da_is_singular=&#8221;off&#8221; da_with_loader=&#8221;off&#8221; da_has_shadow=&#8221;on&#8221;][et_pb_row _builder_version=&#8221;3.25&#8243; background_size=&#8221;initial&#8221; background_position=&#8221;top_left&#8221; background_repeat=&#8221;repeat&#8221;][et_pb_column type=&#8221;4_4&#8243; _builder_version=&#8221;3.25&#8243; custom_padding=&#8221;|||&#8221; custom_padding__hover=&#8221;|||&#8221;][et_pb_text admin_label=&#8221;VIRIDIS offre un service de gestion&#8221; _builder_version=&#8221;4.4.8&#8243;]\n<p>VIRIDIS specializes in the management of mineral or organic waste, offering both custom-made and turnkey solutions ranging from the transportation to the recycling of materials, all in accordance with environmental, cost control and agronomic principles.<\/p>\n[\/et_pb_text][\/et_pb_column][\/et_pb_row][et_pb_row column_structure=&#8221;1_4,1_4,1_4,1_4&#8243; use_custom_gutter=&#8221;on&#8221; gutter_width=&#8221;2&#8243; make_equal=&#8221;on&#8221; custom_padding_last_edited=&#8221;on|tablet&#8221; _builder_version=&#8221;4.6.6&#8243; _module_preset=&#8221;default&#8221; custom_margin=&#8221;||13.5px||false|false&#8221; custom_margin_tablet=&#8221;||0px||false|false&#8221; custom_margin_phone=&#8221;||0px||false|false&#8221; custom_margin_last_edited=&#8221;off|desktop&#8221; custom_padding=&#8221;||30px||false|false&#8221; custom_padding_tablet=&#8221;||0px||false|false&#8221; global_module=&#8221;7140&#8243; saved_tabs=&#8221;all&#8221;][et_pb_column type=&#8221;1_4&#8243; _builder_version=&#8221;4.6.5&#8243; _module_preset=&#8221;default&#8221; custom_padding=&#8221;||||false|false&#8221;][et_pb_text _builder_version=&#8221;4.6.6&#8243; _dynamic_attributes=&#8221;link_option_url&#8221; _module_preset=&#8221;default&#8221; header_3_text_color=&#8221;#ffffff&#8221; header_4_text_color=&#8221;#ffffff&#8221; background_color=&#8221;#319b42&#8243; min_height=&#8221;114px&#8221; min_height_tablet=&#8221;90px&#8221; min_height_phone=&#8221;&#8221; min_height_last_edited=&#8221;on|tablet&#8221; custom_margin=&#8221;0px|0px|0px|0px|false|false&#8221; custom_padding=&#8221;20px|20px|0px|20px|false|false&#8221; link_option_url=&#8221;@ET-DC@eyJkeW5hbWljIjp0cnVlLCJjb250ZW50IjoicG9zdF9saW5rX3VybF9wYWdlIiwic2V0dGluZ3MiOnsicG9zdF9pZCI6IjIwNCJ9fQ==@&#8221;]\n<h4>Agriculture<\/h4>\n[\/et_pb_text][dizo_image_hover image=&#8221;https:\/\/viridis.bashfusion.com\/wp-content\/uploads\/2019\/01\/service-agriculture.jpg&#8221; image_alt=&#8221;Agriculture&#8221; effect_style=&#8221;classic&#8221; content_text=&#8221;<\/p>\n<p>Viridis offre aux entreprises agricoles des mati\u00e8res r\u00e9siduelles fertilisantes (MRF) performantes, \u00e9conomiques et s\u00e9curitaires ainsi que des services-conseils sp\u00e9cialis\u00e9s en agroenvironnement.<\/p>\n<p>&#8221; button_url_new_window=&#8221;1&#8243; content_valign=&#8221;on&#8221; overlay_bgcolor=&#8221;rgba(71,149,43,0.7)&#8221; module_link_url=&#8221;\/services\/agriculture\/&#8221; module_link_url_new_window=&#8221;1&#8243; module_class=&#8221;acc-service-box&#8221; _builder_version=&#8221;4.6.1&#8243; _module_preset=&#8221;default&#8221; content_font_size=&#8221;13px&#8221; background_enable_image=&#8221;off&#8221;][\/dizo_image_hover][\/et_pb_column][et_pb_column type=&#8221;1_4&#8243; _builder_version=&#8221;4.6.5&#8243; _module_preset=&#8221;default&#8221; custom_padding=&#8221;||||false|false&#8221;][et_pb_text _builder_version=&#8221;4.6.6&#8243; _module_preset=&#8221;default&#8221; header_3_text_color=&#8221;#ffffff&#8221; header_4_text_color=&#8221;#ffffff&#8221; background_color=&#8221;#319b42&#8243; min_height=&#8221;114px&#8221; min_height_tablet=&#8221;90px&#8221; min_height_phone=&#8221;&#8221; min_height_last_edited=&#8221;on|tablet&#8221; custom_margin=&#8221;0px|0px|0px|0px|false|false&#8221; custom_padding=&#8221;20px|20px|0px|20px|false|false&#8221; link_option_url=&#8221;https:\/\/viridis.bashfusion.com\/en\/services\/municipalites-industries\/&#8221;]\n<h4>Municipalities and Industries<\/h4>\n[\/et_pb_text][dizo_image_hover image=&#8221;https:\/\/viridis.bashfusion.com\/wp-content\/uploads\/2019\/01\/service-municipalites.jpg&#8221; image_alt=&#8221;Municipalit\u00e9s et industries&#8221; effect_style=&#8221;classic&#8221; content_text=&#8221;<\/p>\n<p>Viridis, gestionnaire d\u2019importants contrats publics et priv\u00e9s, r\u00e9cup\u00e8re les mati\u00e8res r\u00e9siduelles organiques et min\u00e9rales des villes, des municipalit\u00e9s et des usines et les transforme en fertilisants ou en amendements pour les terres agricoles.<\/p>\n<p>&#8221; button_url_new_window=&#8221;1&#8243; content_valign=&#8221;on&#8221; overlay_bgcolor=&#8221;rgba(71,149,43,0.7)&#8221; module_link_url=&#8221;\/services\/municipalites-industries\/&#8221; module_link_url_new_window=&#8221;1&#8243; module_class=&#8221;acc-service-box&#8221; _builder_version=&#8221;4.6.1&#8243; _module_preset=&#8221;default&#8221; content_font_size=&#8221;13px&#8221; background_enable_image=&#8221;off&#8221;][\/dizo_image_hover][\/et_pb_column][et_pb_column type=&#8221;1_4&#8243; _builder_version=&#8221;4.6.5&#8243; _module_preset=&#8221;default&#8221; custom_padding=&#8221;||||false|false&#8221;][et_pb_text _builder_version=&#8221;4.6.6&#8243; _module_preset=&#8221;default&#8221; header_3_text_color=&#8221;#ffffff&#8221; header_4_text_color=&#8221;#ffffff&#8221; background_color=&#8221;#319b42&#8243; min_height=&#8221;114px&#8221; min_height_tablet=&#8221;90px&#8221; min_height_phone=&#8221;&#8221; min_height_last_edited=&#8221;on|tablet&#8221; custom_margin=&#8221;0px|0px|0px|0px|false|false&#8221; custom_padding=&#8221;20px|20px|0px|20px|false|false&#8221; link_option_url=&#8221;https:\/\/viridis.bashfusion.com\/en\/services\/technologies-traitement-matieres-organiques\/&#8221;]\n<h4>Organic Material Treatment Technologies<\/h4>\n[\/et_pb_text][dizo_image_hover image=&#8221;https:\/\/viridis.bashfusion.com\/wp-content\/uploads\/2019\/02\/technologie-traitement-matiere-organique.jpg&#8221; image_alt=&#8221;Technologie de traitement des mati\u00e8res organiques&#8221; effect_style=&#8221;classic&#8221; content_text=&#8221;<\/p>\n<p>Viridis propose des solutions de r\u00e9cup\u00e9ration, de traitement et de recyclage de la mati\u00e8re organique abordables et adapt\u00e9es \u00e0 la r\u00e9alit\u00e9 des petites et moyennes municipalit\u00e9s et entreprises. Elle offre un service cl\u00e9 en main incluant la conception, le financement, la construction, l\u2019op\u00e9ration et le recyclage du produit organique final.<\/p>\n<p>&#8221; button_url_new_window=&#8221;1&#8243; content_valign=&#8221;on&#8221; overlay_bgcolor=&#8221;rgba(71,149,43,0.7)&#8221; module_link_url=&#8221;\/services\/technologies-traitement-matieres-organiques\/&#8221; module_link_url_new_window=&#8221;1&#8243; module_class=&#8221;acc-service-box&#8221; _builder_version=&#8221;4.6.1&#8243; _module_preset=&#8221;default&#8221; content_font_size=&#8221;13px&#8221; background_enable_image=&#8221;off&#8221;][\/dizo_image_hover][\/et_pb_column][et_pb_column type=&#8221;1_4&#8243; _builder_version=&#8221;4.6.5&#8243; _module_preset=&#8221;default&#8221;][et_pb_text _builder_version=&#8221;4.6.6&#8243; _module_preset=&#8221;default&#8221; header_3_text_color=&#8221;#ffffff&#8221; header_4_text_color=&#8221;#ffffff&#8221; background_color=&#8221;#319b42&#8243; min_height=&#8221;114px&#8221; min_height_tablet=&#8221;90px&#8221; min_height_phone=&#8221;&#8221; min_height_last_edited=&#8221;on|tablet&#8221; custom_margin=&#8221;0px|0px|0px|0px|false|false&#8221; custom_padding=&#8221;20px|20px|0px|20px|false|false&#8221; link_option_url=&#8221;https:\/\/viridis.bashfusion.com\/en\/services\/municipalites-industries\/genie-environnemental\/&#8221;]\n<h4>Environmental Consultation<\/h4>\n[\/et_pb_text][dizo_image_hover image=&#8221;https:\/\/viridis.bashfusion.com\/wp-content\/uploads\/2019\/01\/service-genie-environnemental.jpg&#8221; image_alt=&#8221;G\u00e9nie environnemental&#8221; effect_style=&#8221;classic&#8221; content_text=&#8221;<\/p>\n<p>Viridis offre des solutions concr\u00e8tes aux besoins de ses clients, conformes au niveau environnemental, socialement acceptables et au meilleur co\u00fbt possible. Des solutions durables!<\/p>\n<p>&#8221; button_url_new_window=&#8221;1&#8243; content_valign=&#8221;on&#8221; overlay_bgcolor=&#8221;rgba(71,149,43,0.7)&#8221; module_link_url=&#8221;\/services\/genie-environnemental\/&#8221; module_link_url_new_window=&#8221;1&#8243; module_class=&#8221;acc-service-box&#8221; _builder_version=&#8221;4.6.1&#8243; _module_preset=&#8221;default&#8221; content_font_size=&#8221;13px&#8221; background_enable_image=&#8221;off&#8221;][\/dizo_image_hover][\/et_pb_column][\/et_pb_row][\/et_pb_section]\n","protected":false},"excerpt":{"rendered":"<p><span><span><a href=\"https:\/\/viridis.bashfusion.com\/en\/\">Home<\/a><\/span><\/span>VIRIDIS specializes in the management of mineral or organic waste, offering both custom-made and turnkey solutions ranging from the transportation to the recycling of materials, all in accordance with environmental, cost control and agronomic principles. Agriculture[dizo_image_hover image=&#8221;https:\/\/viridis.bashfusion.com\/wp-content\/uploads\/2019\/01\/service-agriculture.jpg&#8221; image_alt=&#8221;Agriculture&#8221; effect_style=&#8221;classic&#8221; content_text=&#8221; Viridis offre aux entreprises agricoles des mati\u00e8res r\u00e9siduelles fertilisantes (MRF) performantes, \u00e9conomiques et s\u00e9curitaires ainsi [&hellip;]<\/p>\n","protected":false},"author":8,"featured_media":1893,"parent":0,"menu_order":0,"comment_status":"closed","ping_status":"closed","template":"","meta":{"_acf_changed":false,"_et_pb_use_builder":"on","_et_pb_old_content":"","_et_gb_content_width":"","footnotes":""},"class_list":["post-2206","page","type-page","status-publish","has-post-thumbnail","hentry"],"acf":[],"yoast_head":"<!-- This site is optimized with the Yoast SEO plugin v25.6 - https:\/\/yoast.com\/wordpress\/plugins\/seo\/ -->\n<title>Our management services for residual materials and organic fertilizers<\/title>\n<meta name=\"description\" content=\"Residual materials management services for municipalities and businesses. Supply of organic fertilizers to farms and farms.\" \/>\n<meta name=\"robots\" content=\"index, follow, max-snippet:-1, max-image-preview:large, max-video-preview:-1\" \/>\n<link rel=\"canonical\" href=\"https:\/\/viridis.bashfusion.com\/en\/services\/\" \/>\n<meta property=\"og:locale\" content=\"en_US\" \/>\n<meta property=\"og:type\" content=\"article\" \/>\n<meta property=\"og:title\" content=\"Our management services for residual materials and organic fertilizers\" \/>\n<meta property=\"og:description\" content=\"Residual materials management services for municipalities and businesses. Supply of organic fertilizers to farms and farms.\" \/>\n<meta property=\"og:url\" content=\"https:\/\/viridis.bashfusion.com\/en\/services\/\" \/>\n<meta property=\"og:site_name\" content=\"Viridis Environnement\" \/>\n<meta property=\"article:publisher\" content=\"https:\/\/www.facebook.com\/viridisenv\" \/>\n<meta property=\"article:modified_time\" content=\"2021-03-19T20:48:22+00:00\" \/>\n<meta property=\"og:image\" content=\"https:\/\/viridis.bashfusion.com\/wp-content\/uploads\/2019\/02\/residus-verts-gazon-feuilles-broyat.jpg\" \/>\n\t<meta property=\"og:image:width\" content=\"854\" \/>\n\t<meta property=\"og:image:height\" content=\"594\" \/>\n\t<meta property=\"og:image:type\" content=\"image\/jpeg\" \/>\n<meta name=\"twitter:card\" content=\"summary_large_image\" \/>\n<script type=\"application\/ld+json\" class=\"yoast-schema-graph\">{\"@context\":\"https:\/\/schema.org\",\"@graph\":[{\"@type\":\"WebPage\",\"@id\":\"https:\/\/viridis.bashfusion.com\/en\/services\/\",\"url\":\"https:\/\/viridis.bashfusion.com\/en\/services\/\",\"name\":\"Our management services for residual materials and organic fertilizers\",\"isPartOf\":{\"@id\":\"https:\/\/viridis.bashfusion.com\/en\/#website\"},\"primaryImageOfPage\":{\"@id\":\"https:\/\/viridis.bashfusion.com\/en\/services\/#primaryimage\"},\"image\":{\"@id\":\"https:\/\/viridis.bashfusion.com\/en\/services\/#primaryimage\"},\"thumbnailUrl\":\"https:\/\/viridis.bashfusion.com\/wp-content\/uploads\/2019\/02\/residus-verts-gazon-feuilles-broyat.jpg\",\"datePublished\":\"2019-02-01T11:00:34+00:00\",\"dateModified\":\"2021-03-19T20:48:22+00:00\",\"description\":\"Residual materials management services for municipalities and businesses. Supply of organic fertilizers to farms and farms.\",\"breadcrumb\":{\"@id\":\"https:\/\/viridis.bashfusion.com\/en\/services\/#breadcrumb\"},\"inLanguage\":\"en-US\",\"potentialAction\":[{\"@type\":\"ReadAction\",\"target\":[\"https:\/\/viridis.bashfusion.com\/en\/services\/\"]}]},{\"@type\":\"ImageObject\",\"inLanguage\":\"en-US\",\"@id\":\"https:\/\/viridis.bashfusion.com\/en\/services\/#primaryimage\",\"url\":\"https:\/\/viridis.bashfusion.com\/wp-content\/uploads\/2019\/02\/residus-verts-gazon-feuilles-broyat.jpg\",\"contentUrl\":\"https:\/\/viridis.bashfusion.com\/wp-content\/uploads\/2019\/02\/residus-verts-gazon-feuilles-broyat.jpg\",\"width\":854,\"height\":594,\"caption\":\"Green Residues - Grass, Leaves and Chipped Branches\"},{\"@type\":\"BreadcrumbList\",\"@id\":\"https:\/\/viridis.bashfusion.com\/en\/services\/#breadcrumb\",\"itemListElement\":[{\"@type\":\"ListItem\",\"position\":1,\"name\":\"Home\",\"item\":\"https:\/\/viridis.bashfusion.com\/en\/\"},{\"@type\":\"ListItem\",\"position\":2,\"name\":\"Services\"}]},{\"@type\":\"WebSite\",\"@id\":\"https:\/\/viridis.bashfusion.com\/en\/#website\",\"url\":\"https:\/\/viridis.bashfusion.com\/en\/\",\"name\":\"Viridis Environnement\",\"description\":\"La cr\u00e9ativit\u00e9 et l\u2019innovation au service de l\u2019environnement !\",\"publisher\":{\"@id\":\"https:\/\/viridis.bashfusion.com\/en\/#organization\"},\"potentialAction\":[{\"@type\":\"SearchAction\",\"target\":{\"@type\":\"EntryPoint\",\"urlTemplate\":\"https:\/\/viridis.bashfusion.com\/en\/?s={search_term_string}\"},\"query-input\":{\"@type\":\"PropertyValueSpecification\",\"valueRequired\":true,\"valueName\":\"search_term_string\"}}],\"inLanguage\":\"en-US\"},{\"@type\":\"Organization\",\"@id\":\"https:\/\/viridis.bashfusion.com\/en\/#organization\",\"name\":\"Viridis Environnement\",\"url\":\"https:\/\/viridis.bashfusion.com\/en\/\",\"logo\":{\"@type\":\"ImageObject\",\"inLanguage\":\"en-US\",\"@id\":\"https:\/\/viridis.bashfusion.com\/en\/#\/schema\/logo\/image\/\",\"url\":\"https:\/\/viridis.bashfusion.com\/wp-content\/uploads\/2019\/03\/logo.jpg\",\"contentUrl\":\"https:\/\/viridis.bashfusion.com\/wp-content\/uploads\/2019\/03\/logo.jpg\",\"width\":226,\"height\":82,\"caption\":\"Viridis Environnement\"},\"image\":{\"@id\":\"https:\/\/viridis.bashfusion.com\/en\/#\/schema\/logo\/image\/\"},\"sameAs\":[\"https:\/\/www.facebook.com\/viridisenv\",\"https:\/\/www.linkedin.com\/company\/viridis-environnement\"]}]}<\/script>\n<!-- \/ Yoast SEO plugin. -->","yoast_head_json":{"title":"Our management services for residual materials and organic fertilizers","description":"Residual materials management services for municipalities and businesses. Supply of organic fertilizers to farms and farms.","robots":{"index":"index","follow":"follow","max-snippet":"max-snippet:-1","max-image-preview":"max-image-preview:large","max-video-preview":"max-video-preview:-1"},"canonical":"https:\/\/viridis.bashfusion.com\/en\/services\/","og_locale":"en_US","og_type":"article","og_title":"Our management services for residual materials and organic fertilizers","og_description":"Residual materials management services for municipalities and businesses. Supply of organic fertilizers to farms and farms.","og_url":"https:\/\/viridis.bashfusion.com\/en\/services\/","og_site_name":"Viridis Environnement","article_publisher":"https:\/\/www.facebook.com\/viridisenv","article_modified_time":"2021-03-19T20:48:22+00:00","og_image":[{"width":854,"height":594,"url":"https:\/\/viridis.bashfusion.com\/wp-content\/uploads\/2019\/02\/residus-verts-gazon-feuilles-broyat.jpg","type":"image\/jpeg"}],"twitter_card":"summary_large_image","schema":{"@context":"https:\/\/schema.org","@graph":[{"@type":"WebPage","@id":"https:\/\/viridis.bashfusion.com\/en\/services\/","url":"https:\/\/viridis.bashfusion.com\/en\/services\/","name":"Our management services for residual materials and organic fertilizers","isPartOf":{"@id":"https:\/\/viridis.bashfusion.com\/en\/#website"},"primaryImageOfPage":{"@id":"https:\/\/viridis.bashfusion.com\/en\/services\/#primaryimage"},"image":{"@id":"https:\/\/viridis.bashfusion.com\/en\/services\/#primaryimage"},"thumbnailUrl":"https:\/\/viridis.bashfusion.com\/wp-content\/uploads\/2019\/02\/residus-verts-gazon-feuilles-broyat.jpg","datePublished":"2019-02-01T11:00:34+00:00","dateModified":"2021-03-19T20:48:22+00:00","description":"Residual materials management services for municipalities and businesses. Supply of organic fertilizers to farms and farms.","breadcrumb":{"@id":"https:\/\/viridis.bashfusion.com\/en\/services\/#breadcrumb"},"inLanguage":"en-US","potentialAction":[{"@type":"ReadAction","target":["https:\/\/viridis.bashfusion.com\/en\/services\/"]}]},{"@type":"ImageObject","inLanguage":"en-US","@id":"https:\/\/viridis.bashfusion.com\/en\/services\/#primaryimage","url":"https:\/\/viridis.bashfusion.com\/wp-content\/uploads\/2019\/02\/residus-verts-gazon-feuilles-broyat.jpg","contentUrl":"https:\/\/viridis.bashfusion.com\/wp-content\/uploads\/2019\/02\/residus-verts-gazon-feuilles-broyat.jpg","width":854,"height":594,"caption":"Green Residues - Grass, Leaves and Chipped Branches"},{"@type":"BreadcrumbList","@id":"https:\/\/viridis.bashfusion.com\/en\/services\/#breadcrumb","itemListElement":[{"@type":"ListItem","position":1,"name":"Home","item":"https:\/\/viridis.bashfusion.com\/en\/"},{"@type":"ListItem","position":2,"name":"Services"}]},{"@type":"WebSite","@id":"https:\/\/viridis.bashfusion.com\/en\/#website","url":"https:\/\/viridis.bashfusion.com\/en\/","name":"Viridis Environnement","description":"La cr\u00e9ativit\u00e9 et l\u2019innovation au service de l\u2019environnement !","publisher":{"@id":"https:\/\/viridis.bashfusion.com\/en\/#organization"},"potentialAction":[{"@type":"SearchAction","target":{"@type":"EntryPoint","urlTemplate":"https:\/\/viridis.bashfusion.com\/en\/?s={search_term_string}"},"query-input":{"@type":"PropertyValueSpecification","valueRequired":true,"valueName":"search_term_string"}}],"inLanguage":"en-US"},{"@type":"Organization","@id":"https:\/\/viridis.bashfusion.com\/en\/#organization","name":"Viridis Environnement","url":"https:\/\/viridis.bashfusion.com\/en\/","logo":{"@type":"ImageObject","inLanguage":"en-US","@id":"https:\/\/viridis.bashfusion.com\/en\/#\/schema\/logo\/image\/","url":"https:\/\/viridis.bashfusion.com\/wp-content\/uploads\/2019\/03\/logo.jpg","contentUrl":"https:\/\/viridis.bashfusion.com\/wp-content\/uploads\/2019\/03\/logo.jpg","width":226,"height":82,"caption":"Viridis Environnement"},"image":{"@id":"https:\/\/viridis.bashfusion.com\/en\/#\/schema\/logo\/image\/"},"sameAs":["https:\/\/www.facebook.com\/viridisenv","https:\/\/www.linkedin.com\/company\/viridis-environnement"]}]}},"_links":{"self":[{"href":"https:\/\/viridis.bashfusion.com\/en\/wp-json\/wp\/v2\/pages\/2206","targetHints":{"allow":["GET"]}}],"collection":[{"href":"https:\/\/viridis.bashfusion.com\/en\/wp-json\/wp\/v2\/pages"}],"about":[{"href":"https:\/\/viridis.bashfusion.com\/en\/wp-json\/wp\/v2\/types\/page"}],"author":[{"embeddable":true,"href":"https:\/\/viridis.bashfusion.com\/en\/wp-json\/wp\/v2\/users\/8"}],"replies":[{"embeddable":true,"href":"https:\/\/viridis.bashfusion.com\/en\/wp-json\/wp\/v2\/comments?post=2206"}],"version-history":[{"count":0,"href":"https:\/\/viridis.bashfusion.com\/en\/wp-json\/wp\/v2\/pages\/2206\/revisions"}],"wp:featuredmedia":[{"embeddable":true,"href":"https:\/\/viridis.bashfusion.com\/en\/wp-json\/wp\/v2\/media\/1893"}],"wp:attachment":[{"href":"https:\/\/viridis.bashfusion.com\/en\/wp-json\/wp\/v2\/media?parent=2206"}],"curies":[{"name":"wp","href":"https:\/\/api.w.org\/{rel}","templated":true}]}}