{"id":2368,"date":"2019-01-29T08:26:30","date_gmt":"2019-01-29T08:26:30","guid":{"rendered":"https:\/\/b367.ca\/viridis\/contact\/"},"modified":"2025-01-17T10:31:52","modified_gmt":"2025-01-17T15:31:52","slug":"contact","status":"publish","type":"page","link":"https:\/\/viridis.bashfusion.com\/en\/contact\/","title":{"rendered":"Contact Us"},"content":{"rendered":"[et_pb_section fb_built=&#8221;1&#8243; _builder_version=&#8221;4.16&#8243; background_image=&#8221;https:\/\/viridis.bashfusion.com\/wp-content\/uploads\/2020\/09\/nous-joindre_h_viridis.jpg&#8221; background_position=&#8221;bottom_center&#8221; custom_margin=&#8221;-10px|||&#8221; da_disable_devices=&#8221;off|off|off&#8221; global_colors_info=&#8221;{}&#8221; da_is_popup=&#8221;off&#8221; da_exit_intent=&#8221;off&#8221; da_has_close=&#8221;on&#8221; da_alt_close=&#8221;off&#8221; da_dark_close=&#8221;off&#8221; da_not_modal=&#8221;on&#8221; da_is_singular=&#8221;off&#8221; da_with_loader=&#8221;off&#8221; da_has_shadow=&#8221;on&#8221;][et_pb_row _builder_version=&#8221;4.16&#8243; width=&#8221;100%&#8221; max_width=&#8221;100%&#8221; use_custom_width=&#8221;on&#8221; width_unit=&#8221;off&#8221; custom_width_percent=&#8221;100%&#8221; global_colors_info=&#8221;{}&#8221;][et_pb_column type=&#8221;4_4&#8243; _builder_version=&#8221;4.16&#8243; custom_padding=&#8221;|||&#8221; global_colors_info=&#8221;{}&#8221; custom_padding__hover=&#8221;|||&#8221;][et_pb_divider show_divider=&#8221;off&#8221; disabled_on=&#8221;on|on|&#8221; _builder_version=&#8221;4.16&#8243; height=&#8221;90px&#8221; global_colors_info=&#8221;{}&#8221;][\/et_pb_divider][et_pb_post_title meta=&#8221;off&#8221; featured_image=&#8221;off&#8221; text_color=&#8221;light&#8221; _builder_version=&#8221;4.16&#8243; title_font_size=&#8221;40px&#8221; use_background_color_gradient=&#8221;on&#8221; background_color_gradient_direction=&#8221;215deg&#8221; background_color_gradient_stops=&#8221;rgba(255,255,255,0) 34%|rgba(72,149,43,0.9) 34%&#8221; background_color_gradient_start=&#8221;rgba(255,255,255,0)&#8221; background_color_gradient_start_position=&#8221;34%&#8221; background_color_gradient_end=&#8221;rgba(72,149,43,0.9)&#8221; background_color_gradient_end_position=&#8221;34%&#8221; custom_padding=&#8221;10px||10px|10%&#8221; custom_padding_tablet=&#8221;5px||5px|2%&#8221; custom_padding_phone=&#8221;&#8221; custom_padding_last_edited=&#8221;on|phone&#8221; title_font_size_tablet=&#8221;30px&#8221; title_font_size_phone=&#8221;20px&#8221; title_font_size_last_edited=&#8221;on|desktop&#8221; global_colors_info=&#8221;{}&#8221;][\/et_pb_post_title][et_pb_divider show_divider=&#8221;off&#8221; disabled_on=&#8221;on|on|&#8221; _builder_version=&#8221;4.16&#8243; height=&#8221;113px&#8221; global_colors_info=&#8221;{}&#8221;][\/et_pb_divider][\/et_pb_column][\/et_pb_row][\/et_pb_section][et_pb_section fb_built=&#8221;1&#8243; custom_padding_last_edited=&#8221;on|tablet&#8221; _builder_version=&#8221;4.16&#8243; custom_margin=&#8221;0px||0px|&#8221; custom_padding=&#8221;||50px||false|false&#8221; custom_padding_tablet=&#8221;0px||30px||false|false&#8221; custom_padding_phone=&#8221;&#8221; da_disable_devices=&#8221;off|off|off&#8221; saved_tabs=&#8221;all&#8221; collapsed=&#8221;on&#8221; global_colors_info=&#8221;{}&#8221; da_is_popup=&#8221;off&#8221; da_exit_intent=&#8221;off&#8221; da_has_close=&#8221;on&#8221; da_alt_close=&#8221;off&#8221; da_dark_close=&#8221;off&#8221; da_not_modal=&#8221;on&#8221; da_is_singular=&#8221;off&#8221; da_with_loader=&#8221;off&#8221; da_has_shadow=&#8221;on&#8221;][et_pb_row _builder_version=&#8221;4.16&#8243; custom_padding=&#8221;||0px|&#8221; global_colors_info=&#8221;{}&#8221;][et_pb_column type=&#8221;4_4&#8243; _builder_version=&#8221;4.16&#8243; custom_padding=&#8221;|||&#8221; global_colors_info=&#8221;{}&#8221; custom_padding__hover=&#8221;|||&#8221;][et_pb_code admin_label=&#8221;breadcrumbs&#8221; _builder_version=&#8221;4.16&#8243; text_orientation=&#8221;left&#8221; global_colors_info=&#8221;{}&#8221;]<pee><span><span><a href=\"https:\/\/viridis.bashfusion.com\/en\/\">Home<\/a><\/span><\/span><\/pee>[\/et_pb_code][\/et_pb_column][\/et_pb_row][\/et_pb_section][et_pb_section fb_built=&#8221;1&#8243; use_custom_gutter=&#8221;on&#8221; gutter_width=&#8221;2&#8243; specialty=&#8221;on&#8221; padding_top_1=&#8221;0px&#8221; padding_right_1=&#8221;30px&#8221; custom_css_main_1=&#8221;margin-right: 0px !important;&#8221; _builder_version=&#8221;4.16&#8243; inner_max_width=&#8221;1230px&#8221; da_disable_devices=&#8221;off|off|off&#8221; use_custom_width=&#8221;on&#8221; custom_width_px=&#8221;1230px&#8221; global_colors_info=&#8221;{}&#8221; da_is_popup=&#8221;off&#8221; da_exit_intent=&#8221;off&#8221; da_has_close=&#8221;on&#8221; da_alt_close=&#8221;off&#8221; da_dark_close=&#8221;off&#8221; da_not_modal=&#8221;on&#8221; da_is_singular=&#8221;off&#8221; da_with_loader=&#8221;off&#8221; da_has_shadow=&#8221;on&#8221;][et_pb_column type=&#8221;1_3&#8243; _builder_version=&#8221;4.16&#8243; custom_padding=&#8221;|||&#8221; global_colors_info=&#8221;{}&#8221; custom_padding__hover=&#8221;|||&#8221;][et_pb_text admin_label=&#8221;Titre &#8211; Nos adresses&#8221; _builder_version=&#8221;4.16&#8243; custom_margin=&#8221;||0px|&#8221; custom_padding=&#8221;||0px|&#8221; global_colors_info=&#8221;{}&#8221;]\n<h2>Our Offices<\/h2>\n[\/et_pb_text][et_pb_text admin_label=&#8221;Si\u00e8ge social et Bureaux r\u00e9gionaux&#8221; _builder_version=&#8221;4.16&#8243; global_colors_info=&#8221;{}&#8221;]\n<h3>Headquarters<\/h3>\n<p>MONT SAINT-HILAIRE<br \/>543, Sir-Wilfrid-Laurier Blvd.<br \/>Mont-Saint-Hilaire (Quebec)<br \/>J3H 4X7<br \/>T. <a href=\"tel:4508134970\">450 813-4970<\/a> | F.450 813-4979<\/p>\n<h3>Regional Offices<\/h3>\n<p>BARRAUTE<br \/>321, RR 1-2 West<br \/>Barraute (Quebec)<br \/>J0Y 1A0<br \/>T. <a href=\"tel:8198609417\">819 860-9417<\/a> | F. 450 813-4979<\/p>\n<p>MONT SAINT-HILAIRE<br \/>543, Sir-Wilfrid-Laurier Blvd.<br \/>Mont-Saint-Hilaire (Quebec)<br \/>J3H 4X7<br \/>T. <a href=\"tel:4508134970\">450 813-4970<\/a> | F.450 813-4979<\/p>\n<p>QUEBEC<br \/>965, Newton Street, suite 270<br \/>Quebec (Quebec)<br \/>G1P 4M4<br \/>T. <a href=\"tel:4187040883\">418 704-0883<\/a> | F.418 704-0535<\/p>\n<p>SAGUENAY-LAC-ST-JEAN<br \/>3478, de la Recherche St.<br \/>Jonquiere (Quebec)<br \/>G7X 0L1<br \/>T. <a href=\"tel:4186955556\">418 695-5556<\/a> | F. 418 695-5446<\/p>\n<p>SHERBROOKE<br \/>1144, King St. West<br \/>Sherbrooke (Quebec)<br \/>J1H 1S2<br \/>T. <a href=\"tel:8197914207\">819 791-4207<\/a> | F. 1 888 701-4003<\/p>\n[\/et_pb_text][\/et_pb_column][et_pb_column type=&#8221;2_3&#8243; specialty_columns=&#8221;4&#8243; _builder_version=&#8221;4.16&#8243; custom_padding=&#8221;|||&#8221; global_colors_info=&#8221;{}&#8221; custom_padding__hover=&#8221;|||&#8221;][et_pb_row_inner _builder_version=&#8221;4.16&#8243; _module_preset=&#8221;default&#8221; global_colors_info=&#8221;{}&#8221;][et_pb_column_inner saved_specialty_column_type=&#8221;2_3&#8243; _builder_version=&#8221;4.6.3&#8243; _module_preset=&#8221;default&#8221; global_colors_info=&#8221;{}&#8221;][et_pb_contact_form use_spam_service=&#8221;on&#8221; recaptcha_list=&#8221;Viridis Environement V3|Viridis Environement V3-0&#8243; email=&#8221;siteweb-viridis@a2tc.ca&#8221; custom_message=&#8221;Nom : %%Name%%||et_pb_line_break_holder||Pr\u00e9nom : %%Firstname%%||et_pb_line_break_holder||Courriel : %%Email%%||et_pb_line_break_holder||T\u00e9l\u00e9phone : %%Phone%%||et_pb_line_break_holder||Ville : %%City%%||et_pb_line_break_holder||Entreprise : %%Business%%||et_pb_line_break_holder||Message : %%Message%%&#8221; success_message=&#8221;Thank you! We will contact you shortly.&#8221; submit_button_text=&#8221;Submit&#8221; _builder_version=&#8221;4.27.4&#8243; _module_preset=&#8221;default&#8221; _unique_id=&#8221;50508699-7161-4313-b008-9ce815317b03&#8243; title_level=&#8221;h2&#8243; hover_enabled=&#8221;0&#8243; global_colors_info=&#8221;{}&#8221; sticky_enabled=&#8221;0&#8243;][et_pb_contact_field field_id=&#8221;Name&#8221; field_title=&#8221;Name&#8221; required_mark=&#8221;off&#8221; _builder_version=&#8221;4.16&#8243; global_colors_info=&#8221;{}&#8221; button_text_size__hover_enabled=&#8221;off&#8221; button_one_text_size__hover_enabled=&#8221;off&#8221; button_two_text_size__hover_enabled=&#8221;off&#8221; button_text_color__hover_enabled=&#8221;off&#8221; button_one_text_color__hover_enabled=&#8221;off&#8221; button_two_text_color__hover_enabled=&#8221;off&#8221; button_border_width__hover_enabled=&#8221;off&#8221; button_one_border_width__hover_enabled=&#8221;off&#8221; button_two_border_width__hover_enabled=&#8221;off&#8221; button_border_color__hover_enabled=&#8221;off&#8221; button_one_border_color__hover_enabled=&#8221;off&#8221; button_two_border_color__hover_enabled=&#8221;off&#8221; button_border_radius__hover_enabled=&#8221;off&#8221; button_one_border_radius__hover_enabled=&#8221;off&#8221; button_two_border_radius__hover_enabled=&#8221;off&#8221; button_letter_spacing__hover_enabled=&#8221;off&#8221; button_one_letter_spacing__hover_enabled=&#8221;off&#8221; button_two_letter_spacing__hover_enabled=&#8221;off&#8221; button_bg_color__hover_enabled=&#8221;off&#8221; button_one_bg_color__hover_enabled=&#8221;off&#8221; button_two_bg_color__hover_enabled=&#8221;off&#8221;][\/et_pb_contact_field][et_pb_contact_field field_id=&#8221;Firstname&#8221; field_title=&#8221;Last name&#8221; required_mark=&#8221;off&#8221; _builder_version=&#8221;4.16&#8243; global_colors_info=&#8221;{}&#8221; button_text_size__hover_enabled=&#8221;off&#8221; button_one_text_size__hover_enabled=&#8221;off&#8221; button_two_text_size__hover_enabled=&#8221;off&#8221; button_text_color__hover_enabled=&#8221;off&#8221; button_one_text_color__hover_enabled=&#8221;off&#8221; button_two_text_color__hover_enabled=&#8221;off&#8221; button_border_width__hover_enabled=&#8221;off&#8221; button_one_border_width__hover_enabled=&#8221;off&#8221; button_two_border_width__hover_enabled=&#8221;off&#8221; button_border_color__hover_enabled=&#8221;off&#8221; button_one_border_color__hover_enabled=&#8221;off&#8221; button_two_border_color__hover_enabled=&#8221;off&#8221; button_border_radius__hover_enabled=&#8221;off&#8221; button_one_border_radius__hover_enabled=&#8221;off&#8221; button_two_border_radius__hover_enabled=&#8221;off&#8221; button_letter_spacing__hover_enabled=&#8221;off&#8221; button_one_letter_spacing__hover_enabled=&#8221;off&#8221; button_two_letter_spacing__hover_enabled=&#8221;off&#8221; button_bg_color__hover_enabled=&#8221;off&#8221; button_one_bg_color__hover_enabled=&#8221;off&#8221; button_two_bg_color__hover_enabled=&#8221;off&#8221;][\/et_pb_contact_field][et_pb_contact_field field_id=&#8221;Email&#8221; field_title=&#8221;Email&#8221; field_type=&#8221;email&#8221; _builder_version=&#8221;4.16&#8243; global_colors_info=&#8221;{}&#8221; button_text_size__hover_enabled=&#8221;off&#8221; button_one_text_size__hover_enabled=&#8221;off&#8221; button_two_text_size__hover_enabled=&#8221;off&#8221; button_text_color__hover_enabled=&#8221;off&#8221; button_one_text_color__hover_enabled=&#8221;off&#8221; button_two_text_color__hover_enabled=&#8221;off&#8221; button_border_width__hover_enabled=&#8221;off&#8221; button_one_border_width__hover_enabled=&#8221;off&#8221; button_two_border_width__hover_enabled=&#8221;off&#8221; button_border_color__hover_enabled=&#8221;off&#8221; button_one_border_color__hover_enabled=&#8221;off&#8221; button_two_border_color__hover_enabled=&#8221;off&#8221; button_border_radius__hover_enabled=&#8221;off&#8221; button_one_border_radius__hover_enabled=&#8221;off&#8221; button_two_border_radius__hover_enabled=&#8221;off&#8221; button_letter_spacing__hover_enabled=&#8221;off&#8221; button_one_letter_spacing__hover_enabled=&#8221;off&#8221; button_two_letter_spacing__hover_enabled=&#8221;off&#8221; button_bg_color__hover_enabled=&#8221;off&#8221; button_one_bg_color__hover_enabled=&#8221;off&#8221; button_two_bg_color__hover_enabled=&#8221;off&#8221;][\/et_pb_contact_field][et_pb_contact_field field_id=&#8221;Phone&#8221; field_title=&#8221;Telephone&#8221; _builder_version=&#8221;4.16&#8243; _module_preset=&#8221;default&#8221; global_colors_info=&#8221;{}&#8221;][\/et_pb_contact_field][et_pb_contact_field field_id=&#8221;City&#8221; field_title=&#8221;City&#8221; required_mark=&#8221;off&#8221; _builder_version=&#8221;4.16&#8243; _module_preset=&#8221;default&#8221; global_colors_info=&#8221;{}&#8221;][\/et_pb_contact_field][et_pb_contact_field field_id=&#8221;Business&#8221; field_title=&#8221;Business&#8221; required_mark=&#8221;off&#8221; _builder_version=&#8221;4.16&#8243; _module_preset=&#8221;default&#8221; global_colors_info=&#8221;{}&#8221;][\/et_pb_contact_field][et_pb_contact_field field_id=&#8221;Message&#8221; field_title=&#8221;Message&#8221; field_type=&#8221;text&#8221; fullwidth_field=&#8221;on&#8221; _builder_version=&#8221;4.16&#8243; global_colors_info=&#8221;{}&#8221; button_text_size__hover_enabled=&#8221;off&#8221; button_one_text_size__hover_enabled=&#8221;off&#8221; button_two_text_size__hover_enabled=&#8221;off&#8221; button_text_color__hover_enabled=&#8221;off&#8221; button_one_text_color__hover_enabled=&#8221;off&#8221; button_two_text_color__hover_enabled=&#8221;off&#8221; button_border_width__hover_enabled=&#8221;off&#8221; button_one_border_width__hover_enabled=&#8221;off&#8221; button_two_border_width__hover_enabled=&#8221;off&#8221; button_border_color__hover_enabled=&#8221;off&#8221; button_one_border_color__hover_enabled=&#8221;off&#8221; button_two_border_color__hover_enabled=&#8221;off&#8221; button_border_radius__hover_enabled=&#8221;off&#8221; button_one_border_radius__hover_enabled=&#8221;off&#8221; button_two_border_radius__hover_enabled=&#8221;off&#8221; button_letter_spacing__hover_enabled=&#8221;off&#8221; button_one_letter_spacing__hover_enabled=&#8221;off&#8221; button_two_letter_spacing__hover_enabled=&#8221;off&#8221; button_bg_color__hover_enabled=&#8221;off&#8221; button_one_bg_color__hover_enabled=&#8221;off&#8221; button_two_bg_color__hover_enabled=&#8221;off&#8221;][\/et_pb_contact_field][\/et_pb_contact_form][et_pb_text admin_label=&#8221;MAP&#8221; _builder_version=&#8221;4.16&#8243; global_colors_info=&#8221;{}&#8221;]\n<p><iframe loading=\"lazy\" style=\"border: 0;\" tabindex=\"0\" src=\"https:\/\/www.google.com\/maps\/embed?pb=!1m18!1m12!1m3!1d11172.335043595185!2d-73.18939783130892!3d45.5687541791024!2m3!1f0!2f0!3f0!3m2!1i1024!2i768!4f13.1!3m3!1m2!1s0x4cc9ab2e9ba2eec1%3A0x22ab0137a77315f3!2s543%20Boulevard%20Sir-Wilfrid-Laurier%2C%20Mont-Saint-Hilaire%2C%20QC%20J3H%204X7!5e0!3m2!1sfr!2sca!4v1601404007574!5m2!1sfr!2sca\" width=\"100%\" height=\"350\" frameborder=\"0\" allowfullscreen=\"allowfullscreen\" aria-hidden=\"false\"><\/iframe><\/p>\n[\/et_pb_text][\/et_pb_column_inner][\/et_pb_row_inner][\/et_pb_column][\/et_pb_section]\n","protected":false},"excerpt":{"rendered":"<p><span><span><a href=\"https:\/\/viridis.bashfusion.com\/en\/\">Home<\/a><\/span><\/span>Our Offices Headquarters MONT SAINT-HILAIRE543, Sir-Wilfrid-Laurier Blvd.Mont-Saint-Hilaire (Quebec)J3H 4X7T. 450 813-4970 | F.450 813-4979 Regional Offices BARRAUTE321, RR 1-2 WestBarraute (Quebec)J0Y 1A0T. 819 860-9417 | F. 450 813-4979 MONT SAINT-HILAIRE543, Sir-Wilfrid-Laurier Blvd.Mont-Saint-Hilaire (Quebec)J3H 4X7T. 450 813-4970 | F.450 813-4979 QUEBEC965, Newton Street, suite 270Quebec (Quebec)G1P 4M4T. 418 704-0883 | F.418 704-0535 SAGUENAY-LAC-ST-JEAN3478, de la Recherche [&hellip;]<\/p>\n","protected":false},"author":8,"featured_media":0,"parent":0,"menu_order":0,"comment_status":"closed","ping_status":"closed","template":"","meta":{"_acf_changed":false,"_et_pb_use_builder":"on","_et_pb_old_content":"","_et_gb_content_width":"","footnotes":""},"class_list":["post-2368","page","type-page","status-publish","hentry"],"acf":[],"yoast_head":"<!-- This site is optimized with the Yoast SEO plugin v25.6 - https:\/\/yoast.com\/wordpress\/plugins\/seo\/ -->\n<title>Contact Viridis - Leader in innovative waste management<\/title>\n<meta name=\"description\" content=\"To contact an agronomy counselor or to get information on our recycled farming fertilizers, complete this form\" \/>\n<meta name=\"robots\" content=\"index, follow, max-snippet:-1, max-image-preview:large, max-video-preview:-1\" \/>\n<link rel=\"canonical\" href=\"https:\/\/viridis.bashfusion.com\/en\/contact\/\" \/>\n<meta property=\"og:locale\" content=\"en_US\" \/>\n<meta property=\"og:type\" content=\"article\" \/>\n<meta property=\"og:title\" content=\"Contact Viridis - Leader in innovative waste management\" \/>\n<meta property=\"og:description\" content=\"To contact an agronomy counselor or to get information on our recycled farming fertilizers, complete this form\" \/>\n<meta property=\"og:url\" content=\"https:\/\/viridis.bashfusion.com\/en\/contact\/\" \/>\n<meta property=\"og:site_name\" content=\"Viridis Environnement\" \/>\n<meta property=\"article:publisher\" content=\"https:\/\/www.facebook.com\/viridisenv\" \/>\n<meta property=\"article:modified_time\" content=\"2025-01-17T15:31:52+00:00\" \/>\n<meta property=\"og:image\" content=\"https:\/\/viridis.bashfusion.com\/wp-content\/uploads\/2019\/01\/slider1-1.jpg\" \/>\n\t<meta property=\"og:image:width\" content=\"1950\" \/>\n\t<meta property=\"og:image:height\" content=\"650\" \/>\n\t<meta property=\"og:image:type\" content=\"image\/jpeg\" \/>\n<meta name=\"twitter:card\" content=\"summary_large_image\" \/>\n<script type=\"application\/ld+json\" class=\"yoast-schema-graph\">{\"@context\":\"https:\/\/schema.org\",\"@graph\":[{\"@type\":\"WebPage\",\"@id\":\"https:\/\/viridis.bashfusion.com\/en\/contact\/\",\"url\":\"https:\/\/viridis.bashfusion.com\/en\/contact\/\",\"name\":\"Contact Viridis - Leader in innovative waste management\",\"isPartOf\":{\"@id\":\"https:\/\/viridis.bashfusion.com\/en\/#website\"},\"datePublished\":\"2019-01-29T08:26:30+00:00\",\"dateModified\":\"2025-01-17T15:31:52+00:00\",\"description\":\"To contact an agronomy counselor or to get information on our recycled farming fertilizers, complete this form\",\"breadcrumb\":{\"@id\":\"https:\/\/viridis.bashfusion.com\/en\/contact\/#breadcrumb\"},\"inLanguage\":\"en-US\",\"potentialAction\":[{\"@type\":\"ReadAction\",\"target\":[\"https:\/\/viridis.bashfusion.com\/en\/contact\/\"]}]},{\"@type\":\"BreadcrumbList\",\"@id\":\"https:\/\/viridis.bashfusion.com\/en\/contact\/#breadcrumb\",\"itemListElement\":[{\"@type\":\"ListItem\",\"position\":1,\"name\":\"Home\",\"item\":\"https:\/\/viridis.bashfusion.com\/en\/\"},{\"@type\":\"ListItem\",\"position\":2,\"name\":\"Contact Us\"}]},{\"@type\":\"WebSite\",\"@id\":\"https:\/\/viridis.bashfusion.com\/en\/#website\",\"url\":\"https:\/\/viridis.bashfusion.com\/en\/\",\"name\":\"Viridis Environnement\",\"description\":\"La cr\u00e9ativit\u00e9 et l\u2019innovation au service de l\u2019environnement !\",\"publisher\":{\"@id\":\"https:\/\/viridis.bashfusion.com\/en\/#organization\"},\"potentialAction\":[{\"@type\":\"SearchAction\",\"target\":{\"@type\":\"EntryPoint\",\"urlTemplate\":\"https:\/\/viridis.bashfusion.com\/en\/?s={search_term_string}\"},\"query-input\":{\"@type\":\"PropertyValueSpecification\",\"valueRequired\":true,\"valueName\":\"search_term_string\"}}],\"inLanguage\":\"en-US\"},{\"@type\":\"Organization\",\"@id\":\"https:\/\/viridis.bashfusion.com\/en\/#organization\",\"name\":\"Viridis Environnement\",\"url\":\"https:\/\/viridis.bashfusion.com\/en\/\",\"logo\":{\"@type\":\"ImageObject\",\"inLanguage\":\"en-US\",\"@id\":\"https:\/\/viridis.bashfusion.com\/en\/#\/schema\/logo\/image\/\",\"url\":\"https:\/\/viridis.bashfusion.com\/wp-content\/uploads\/2019\/03\/logo.jpg\",\"contentUrl\":\"https:\/\/viridis.bashfusion.com\/wp-content\/uploads\/2019\/03\/logo.jpg\",\"width\":226,\"height\":82,\"caption\":\"Viridis Environnement\"},\"image\":{\"@id\":\"https:\/\/viridis.bashfusion.com\/en\/#\/schema\/logo\/image\/\"},\"sameAs\":[\"https:\/\/www.facebook.com\/viridisenv\",\"https:\/\/www.linkedin.com\/company\/viridis-environnement\"]}]}<\/script>\n<!-- \/ Yoast SEO plugin. -->","yoast_head_json":{"title":"Contact Viridis - Leader in innovative waste management","description":"To contact an agronomy counselor or to get information on our recycled farming fertilizers, complete this form","robots":{"index":"index","follow":"follow","max-snippet":"max-snippet:-1","max-image-preview":"max-image-preview:large","max-video-preview":"max-video-preview:-1"},"canonical":"https:\/\/viridis.bashfusion.com\/en\/contact\/","og_locale":"en_US","og_type":"article","og_title":"Contact Viridis - Leader in innovative waste management","og_description":"To contact an agronomy counselor or to get information on our recycled farming fertilizers, complete this form","og_url":"https:\/\/viridis.bashfusion.com\/en\/contact\/","og_site_name":"Viridis Environnement","article_publisher":"https:\/\/www.facebook.com\/viridisenv","article_modified_time":"2025-01-17T15:31:52+00:00","og_image":[{"width":1950,"height":650,"url":"https:\/\/viridis.bashfusion.com\/wp-content\/uploads\/2019\/01\/slider1-1.jpg","type":"image\/jpeg"}],"twitter_card":"summary_large_image","schema":{"@context":"https:\/\/schema.org","@graph":[{"@type":"WebPage","@id":"https:\/\/viridis.bashfusion.com\/en\/contact\/","url":"https:\/\/viridis.bashfusion.com\/en\/contact\/","name":"Contact Viridis - Leader in innovative waste management","isPartOf":{"@id":"https:\/\/viridis.bashfusion.com\/en\/#website"},"datePublished":"2019-01-29T08:26:30+00:00","dateModified":"2025-01-17T15:31:52+00:00","description":"To contact an agronomy counselor or to get information on our recycled farming fertilizers, complete this form","breadcrumb":{"@id":"https:\/\/viridis.bashfusion.com\/en\/contact\/#breadcrumb"},"inLanguage":"en-US","potentialAction":[{"@type":"ReadAction","target":["https:\/\/viridis.bashfusion.com\/en\/contact\/"]}]},{"@type":"BreadcrumbList","@id":"https:\/\/viridis.bashfusion.com\/en\/contact\/#breadcrumb","itemListElement":[{"@type":"ListItem","position":1,"name":"Home","item":"https:\/\/viridis.bashfusion.com\/en\/"},{"@type":"ListItem","position":2,"name":"Contact Us"}]},{"@type":"WebSite","@id":"https:\/\/viridis.bashfusion.com\/en\/#website","url":"https:\/\/viridis.bashfusion.com\/en\/","name":"Viridis Environnement","description":"La cr\u00e9ativit\u00e9 et l\u2019innovation au service de l\u2019environnement !","publisher":{"@id":"https:\/\/viridis.bashfusion.com\/en\/#organization"},"potentialAction":[{"@type":"SearchAction","target":{"@type":"EntryPoint","urlTemplate":"https:\/\/viridis.bashfusion.com\/en\/?s={search_term_string}"},"query-input":{"@type":"PropertyValueSpecification","valueRequired":true,"valueName":"search_term_string"}}],"inLanguage":"en-US"},{"@type":"Organization","@id":"https:\/\/viridis.bashfusion.com\/en\/#organization","name":"Viridis Environnement","url":"https:\/\/viridis.bashfusion.com\/en\/","logo":{"@type":"ImageObject","inLanguage":"en-US","@id":"https:\/\/viridis.bashfusion.com\/en\/#\/schema\/logo\/image\/","url":"https:\/\/viridis.bashfusion.com\/wp-content\/uploads\/2019\/03\/logo.jpg","contentUrl":"https:\/\/viridis.bashfusion.com\/wp-content\/uploads\/2019\/03\/logo.jpg","width":226,"height":82,"caption":"Viridis Environnement"},"image":{"@id":"https:\/\/viridis.bashfusion.com\/en\/#\/schema\/logo\/image\/"},"sameAs":["https:\/\/www.facebook.com\/viridisenv","https:\/\/www.linkedin.com\/company\/viridis-environnement"]}]}},"_links":{"self":[{"href":"https:\/\/viridis.bashfusion.com\/en\/wp-json\/wp\/v2\/pages\/2368","targetHints":{"allow":["GET"]}}],"collection":[{"href":"https:\/\/viridis.bashfusion.com\/en\/wp-json\/wp\/v2\/pages"}],"about":[{"href":"https:\/\/viridis.bashfusion.com\/en\/wp-json\/wp\/v2\/types\/page"}],"author":[{"embeddable":true,"href":"https:\/\/viridis.bashfusion.com\/en\/wp-json\/wp\/v2\/users\/8"}],"replies":[{"embeddable":true,"href":"https:\/\/viridis.bashfusion.com\/en\/wp-json\/wp\/v2\/comments?post=2368"}],"version-history":[{"count":1,"href":"https:\/\/viridis.bashfusion.com\/en\/wp-json\/wp\/v2\/pages\/2368\/revisions"}],"predecessor-version":[{"id":12611,"href":"https:\/\/viridis.bashfusion.com\/en\/wp-json\/wp\/v2\/pages\/2368\/revisions\/12611"}],"wp:attachment":[{"href":"https:\/\/viridis.bashfusion.com\/en\/wp-json\/wp\/v2\/media?parent=2368"}],"curies":[{"name":"wp","href":"https:\/\/api.w.org\/{rel}","templated":true}]}}